{"id":3,"date":"2021-07-02T05:23:10","date_gmt":"2021-07-02T05:23:10","guid":{"rendered":"https:\/\/wein-sein.de\/?page_id=3"},"modified":"2025-01-21T19:44:52","modified_gmt":"2025-01-21T18:44:52","slug":"privacy-policy","status":"publish","type":"page","link":"https:\/\/wein-sein.de\/?page_id=3","title":{"rendered":"Impressum \/ Datenschutz"},"content":{"rendered":"\t\t<div data-elementor-type=\"wp-page\" data-elementor-id=\"3\" class=\"elementor elementor-3\">\n\t\t\t\t\t\t<section class=\"elementor-section elementor-top-section elementor-element elementor-element-1358a813 elementor-section-boxed elementor-section-height-default elementor-section-height-default\" data-id=\"1358a813\" data-element_type=\"section\" data-e-type=\"section\">\n\t\t\t\t\t\t<div class=\"elementor-container elementor-column-gap-default\">\n\t\t\t\t\t<div class=\"elementor-column elementor-col-100 elementor-top-column elementor-element elementor-element-55b1fb59\" data-id=\"55b1fb59\" data-element_type=\"column\" data-e-type=\"column\">\n\t\t\t<div class=\"elementor-widget-wrap elementor-element-populated\">\n\t\t\t\t\t\t<div class=\"elementor-element elementor-element-22ac3a98 elementor-widget elementor-widget-text-editor\" data-id=\"22ac3a98\" data-element_type=\"widget\" data-e-type=\"widget\" data-widget_type=\"text-editor.default\">\n\t\t\t\t<div class=\"elementor-widget-container\">\n\t\t\t\t\t\t\t\t\t<p><\/p>\n<h2 class=\"wp-block-heading\"><strong>Impressum<\/strong><\/h2>\n<p><\/p>\n<p><\/p>\n<p>Helene Wiesehoff<\/p>\n<p><\/p>\n<p><\/p>\n<p>Schulgasse 293<br>86899 Landsberg am Lech<\/p>\n<p><\/p>\n<p><\/p>\n<p><a href=\"mailto:info@wein-sein.de\" target=\"_blank\">info@wein-sein.de<\/a><a href=\"mailto:info@medardus-wallner.de\"><\/a><\/p>\n<p><\/p>\n<p><\/p>\n<p><br>Angaben gem\u00e4\u00df \u00a7 5 TMG<\/p>\n<p><\/p>\n<p><\/p>\n<p>Dr. Helene Wiesehoff e.K.<br>Schulgasse<br>86899 Landsberg<\/p>\n<p><\/p>\n<p><\/p>\n<p><strong>Vertreten durch<\/strong><br>Helene Wiesehoff<\/p>\n<p><\/p>\n<p><\/p>\n<p><strong>Kontakt<\/strong><br>Telefon: +49 8191 9796225<br>E-Mail: <a href=\"mailto: info@wein-sein.de\" target=\"_blank\">info@wein-sein.de<\/a><\/p>\n<p><\/p>\n<p><\/p>\n<p><strong>Registereintrag<\/strong><br>Eintragung im Handelsregister Augsburg<br>Registrierungsnummer 20197<\/p>\n<p><\/p>\n<p><\/p>\n<p>Umsatzsteuer-Identifikationsnummer: DE 329071981<\/p>\n<p><\/p>\n<p><\/p>\n<p>Die Europ\u00e4ische Kommission stellt eine Plattform zur Online-Streitbeilegung (OS) bereit:&nbsp;<a rel=\"noreferrer noopener\" href=\"https:\/\/ec.europa.eu\/consumers\/odr\" target=\"_blank\">https:\/\/ec.europa.eu\/consumers\/odr<\/a><br>Unsere E-Mail-Adresse finden Sie oben im Impressum. Wir sind nicht bereit oder verpflichtet, an Streitbeilegungsverfahren vor einer Verbraucherschlichtungsstelle teilzunehmen.<\/p>\n<p><\/p>\n<p><\/p>\n<p><strong>Konzeption,&nbsp;Gestaltung und Fotografie<\/strong><\/p>\n<p><\/p>\n<p><\/p>\n<p><a href=\"mailto:n.novak@me.com?subject=Webseite%20Medardus%20Wallner\">Helene Wiesehoff<\/a><\/p>\n<p><\/p>\n<p><\/p>\n<p><strong>Haftung f\u00fcr Inhalte<\/strong><br>Als Diensteanbieter sind wir gem\u00e4\u00df \u00a7 7 Abs.1 TMG f\u00fcr eigene Inhalte auf diesen Seiten nach den allgemeinen Gesetzen verantwortlich. Nach \u00a7\u00a7 8 bis 10 TMG sind wir als Diensteanbieter jedoch nicht verpflichtet, \u00fcbermittelte oder gespeicherte fremde Informationen zu \u00fcberwachen oder nach Umst\u00e4nden zu forschen, die auf eine rechtswidrige T\u00e4tigkeit hinweisen. Verpflichtungen zur Entfernung oder Sperrung der Nutzung von Informationen nach den allgemeinen Gesetzen bleiben hiervon unber\u00fchrt. Eine diesbez\u00fcgliche Haftung ist jedoch erst ab dem Zeitpunkt der Kenntnis einer konkreten Rechtsverletzung m\u00f6glich. Bei Bekanntwerden von entsprechenden Rechtsverletzungen werden wir diese Inhalte umgehend entfernen.<\/p>\n<p><\/p>\n<p><\/p>\n<p><strong>Haftung f\u00fcr Links<\/strong><br>Unser Angebot enth\u00e4lt Links zu externen Webseiten Dritter, auf deren Inhalte wir keinen Einfluss haben. Deshalb k\u00f6nnen wir f\u00fcr diese fremden Inhalte auch keine Gew\u00e4hr \u00fcbernehmen. F\u00fcr die Inhalte der verlinkten Seiten ist stets der jeweilige Anbieter oder Betreiber der Seiten verantwortlich. Die verlinkten Seiten wurden zum Zeitpunkt der Verlinkung auf m\u00f6gliche Rechtsverst\u00f6\u00dfe \u00fcberpr\u00fcft. Rechtswidrige Inhalte waren zum Zeitpunkt der Verlinkung nicht erkennbar. Eine permanente inhaltliche Kontrolle der verlinkten Seiten ist jedoch ohne konkrete Anhaltspunkte einer Rechtsverletzung nicht zumutbar. Bei Bekanntwerden von Rechtsverletzungen werden wir derartige Links umgehend entfernen.<\/p>\n<p><\/p>\n<p><\/p>\n<p><strong>Urheberrecht<\/strong><br>Die durch die Seitenbetreiber erstellten Inhalte und Werke auf diesen Seiten unterliegen dem deutschen Urheberrecht. Die Vervielf\u00e4ltigung, Bearbeitung, Verbreitung und jede Art der Verwertung au\u00dferhalb der Grenzen des Urheberrechtes bed\u00fcrfen der schriftlichen Zustimmung des jeweiligen Autors bzw. Erstellers. Downloads und Kopien dieser Seite sind nur f\u00fcr den privaten, nicht kommerziellen Gebrauch gestattet. Soweit die Inhalte auf dieser Seite nicht vom Betreiber erstellt wurden, werden die Urheberrechte Dritter beachtet. Insbesondere werden Inhalte Dritter als solche gekennzeichnet. Sollten Sie trotzdem auf eine Urheberrechtsverletzung aufmerksam werden, bitten wir um einen entsprechenden Hinweis. Bei Bekanntwerden von Rechtsverletzungen werden wir derartige Inhalte umgehend entfernen.<\/p>\n<p><\/p>\n<p><\/p>\n<h2 class=\"wp-block-heading\"><strong>Datenschutzerkl\u00e4rung<\/strong><\/h2>\n<p><\/p>\n<p><\/p>\n<p><strong>Datenschutz<\/strong><br>Die Betreiber dieser Seiten nehmen den Schutz Ihrer pers\u00f6nlichen Daten sehr ernst. Wir behandeln Ihre personenbezogenen Daten vertraulich und entsprechend der gesetzlichen Datenschutzvorschriften sowie dieser Datenschutzerkl\u00e4rung. Die Nutzung unserer Webseite ist in der Regel ohne Angabe personenbezogener Daten m\u00f6glich. Soweit auf unseren Seiten personenbezogene Daten (beispielsweise Name, Anschrift oder E-Mail-Adressen) erhoben werden, erfolgt dies, soweit m\u00f6glich, stets auf freiwilliger Basis. Diese Daten werden ohne Ihre ausdr\u00fcckliche Zustimmung nicht an Dritte weitergegeben. Wir weisen darauf hin, dass die Daten\u00fcbertragung im Internet (z.B. bei der Kommunikation per E-Mail) Sicherheitsl\u00fccken aufweisen kann. Ein l\u00fcckenloser Schutz der Daten vor dem Zugriff durch Dritte ist nicht m\u00f6glich.<\/p>\n<p><\/p>\n<p><\/p>\n<p><strong>Cookies<\/strong><br>Die Internetseiten verwenden teilweise so genannte Cookies. Cookies richten auf Ihrem Rechner keinen Schaden an und enthalten keine Viren. Cookies dienen dazu, unser Angebot nutzerfreundlicher, effektiver und sicherer zu machen. Cookies sind kleine Textdateien, die auf Ihrem Rechner abgelegt werden und die Ihr Browser speichert. Die meisten der von uns verwendeten Cookies sind so genannte \u201eSession-Cookies\u201c. Sie werden nach Ende Ihres Besuchs automatisch gel\u00f6scht. Andere Cookies bleiben auf Ihrem Endger\u00e4t gespeichert, bis Sie diese l\u00f6schen.&nbsp;Diese&nbsp;Cookies&nbsp;erm\u00f6glichen&nbsp;es&nbsp;uns,&nbsp;Ihren&nbsp;Browser&nbsp;beim&nbsp;n\u00e4chsten&nbsp;Besuch&nbsp;wiederzuerkennen. Sie k\u00f6nnen Ihren Browser so einstellen, dass Sie \u00fcber das Setzen von Cookies informiert werden und Cookies nur im Einzelfall erlauben, die Annahme von Cookies f\u00fcr bestimmte F\u00e4lle oder generell ausschlie\u00dfen sowie das automatische L\u00f6schen der Cookies beim Schlie\u00dfen des Browser aktivieren. Bei der Deaktivierung von Cookies kann die Funktionalit\u00e4t dieser Website eingeschr\u00e4nkt sein.<\/p>\n<p><\/p>\n<p><\/p>\n<p><strong>Server-Log-Files<\/strong><br>Der Provider der Seiten erhebt und speichert automatisch Informationen in so genannten Server-Log&nbsp;Files, die Ihr Browser automatisch an uns \u00fcbermittelt. Dies sind:<\/p>\n<p><\/p>\n<p><\/p>\n<ul class=\"wp-block-list\">\n<li>Browsertyp und Browserversion<\/li>\n<li>verwendetes Betriebssystem<\/li>\n<li>Referrer URL<\/li>\n<li>Hostname des zugreifenden Rechners<\/li>\n<li>Uhrzeit der Serveranfrage<\/li>\n<\/ul>\n<p><\/p>\n<p><\/p>\n<p>Diese Daten sind nicht bestimmten Personen zuordenbar. Eine Zusammenf\u00fchrung dieser Daten mit anderen Datenquellen wird nicht vorgenommen. Wir behalten uns vor, diese Daten nachtr\u00e4glich zu pr\u00fcfen, wenn uns konkrete Anhaltspunkte f\u00fcr eine rechtswidrige Nutzung bekannt werden.<\/p>\n<p><\/p>\n<p><\/p>\n<p><strong>Google Analytics<\/strong><br>Diese Website nutzt Funktionen des Webanalysedienstes Google Analytics. Anbieter ist die Google Inc.,1600 Amphitheatre Parkway Mountain View, CA 94043, USA. Google Analytics verwendet so genannte \u201eCookies\u201c. Das sind Textdateien, die auf Ihrem Computer gespeichert werden und die eine Analyse der Benutzung der Website durch Sie erm\u00f6glichen. Die durch den Cookie erzeugten Informationen \u00fcber Ihre Benutzung dieser Website werden in der Regel an einen Server von Google in den USA \u00fcbertragen und dort gespeichert.<\/p>\n<p><\/p>\n<p><\/p>\n<p><strong>Browser Plugin<\/strong><br>Sie k\u00f6nnen die Speicherung der Cookies durch eine entsprechende Einstellung Ihrer Browser-Software verhindern; wir weisen Sie jedoch darauf hin, dass Sie in diesem Fall gegebenenfalls nicht s\u00e4mtliche Funktionen dieser Website vollumf\u00e4nglich werden nutzen k\u00f6nnen. Sie k\u00f6nnen dar\u00fcber hinaus die Erfassung der durch den Cookie erzeugten und auf Ihre Nutzung der Website bezogenen Daten (inkl. Ihrer IP-Adresse) an Google sowie die Verarbeitung dieser Daten durch Google verhindern, indem Sie das unter dem folgenden Link verf\u00fcgbare Browser-Plugin herunterladen und installieren:&nbsp;<a rel=\"noreferrer noopener\" href=\"https:\/\/tools.google.com\/dlpage\/gaoptout?hl=de\" target=\"_blank\">https:\/\/tools.google.com\/dlpage\/gaoptout?hl=de<\/a><\/p>\n<p><\/p>\n<p><\/p>\n<p><strong>Widerspruch gegen Datenerfassung<\/strong><br>Sie k\u00f6nnen die Erfassung Ihrer Daten durch Google Analytics verhindern, indem Sie auf folgenden Link klicken. Es wird ein Opt-Out-Cookie gesetzt, der die Erfassung Ihrer Daten bei zuk\u00fcnftigen Besuchen dieser Website verhindert: Google Analytics deaktivieren&nbsp;<\/p>\n<p><\/p>\n<p><\/p>\n<p>Mehr Informationen zum Umgang mit Nutzerdaten bei Google Analytics finden Sie in der Datenschutzerkl\u00e4rung von Google:&nbsp;<\/p>\n<p><\/p>\n<p><\/p>\n<p><a href=\"https:\/\/support.google.com\/analytics\/answer\/6004245?hl=de\">https:\/\/support.google.com\/analytics\/answer\/6004245?hl=de<\/a><\/p>\n<p><\/p>\n<p><\/p>\n<p><strong>SSL-Verschl\u00fcsselung<\/strong><br>Diese Seite nutzt aus Gr\u00fcnden der Sicherheit und zum Schutz der \u00dcbertragung vertraulicher Inhalte, wie zum Beispiel der Anfragen, die Sie an uns als Seitenbetreiber senden, eine SSL-Verschl\u00fcsselung. Eine verschl\u00fcsselte Verbindung erkennen Sie daran, dass die Adresszeile des Browsers von \u201ehttp:\/\/\u201c auf \u201ehttps:\/\/\u201c wechselt und an dem Schloss-Symbol in Ihrer Browserzeile. Wenn die SSL Verschl\u00fcsselung aktiviert ist, k\u00f6nnen die Daten, die Sie an uns \u00fcbermitteln, nicht von Dritten mitgelesen werden.<\/p>\n<p><\/p>\n<p><\/p>\n<p><strong>Recht auf Auskunft, L\u00f6schung, Sperrung<\/strong><br>Sie haben jederzeit das Recht auf unentgeltliche Auskunft \u00fcber Ihre gespeicherten personenbezogenen Daten, deren Herkunft und Empf\u00e4nger und den Zweck der Datenverarbeitung sowie ein Recht auf Berichtigung, Sperrung oder L\u00f6schung dieser Daten. Hierzu sowie zu weiteren Fragen zum Thema personenbezogene Daten k\u00f6nnen Sie sich jederzeit unter der im Impressum angegebenen Adresse an uns wenden.<\/p>\n<p><\/p>\n<p><\/p>\n<p><strong>Quelle: eRecht24<\/strong><\/p>\n<p><\/p>\n<p><\/p>\n<h2 class=\"wp-block-heading\">Matomo Webanalyse<\/h2>\n<p><\/p>\n<p><\/p>\n<p>Diese Website nutzt das Web-Analyse Tool Matomo, um das Benutzerverhalten auf dieser Website zu analysieren (Rechtsgrundlage: Legitimes Interesse, DSGVO Art. 6f). Erhoben werden dabei:<\/p>\n<p><\/p>\n<p><\/p>\n<ul class=\"wp-block-list\">\n<li>Anonymisierte IP-Adressen indem die letzten 2 bytes entfernt werden (also 198.51.0.0 anstatt 198.51.100.54)<\/li>\n<li>Pseudoanonymisierter Standort (basierend auf der anonymisierten IP-Adresse<\/li>\n<li>Datum und Uhrzeit<\/li>\n<li>Titel der aufgerufenen Seite<\/li>\n<li>URL der aufgerufenen Seite<\/li>\n<li>URL der vorhergehenden Seite (sofern diese das erlaubt)<\/li>\n<li>Bildschirmaufl\u00f6sung<\/li>\n<li>Lokale Zeit<\/li>\n<li>Dateien die angeklickt und heruntergeladen wurden<\/li>\n<li>Externe Links<\/li>\n<li>Dauer des Seitenaufbaus<\/li>\n<li>Land, Region, Stadt (mit niedriger Genauigkeit aufgrund von IP-Adresse)<\/li>\n<li>Hauptsprache des Browsers<\/li>\n<li>User Agent des Browsers<\/li>\n<li>Interaktionen mit Formularen (aber nicht deren Inhalt)<\/li>\n<\/ul>\n<p><\/p>\n<p><\/p>\n<p>Sie k\u00f6nnen dem Einsatz von Matomo durch Abw\u00e4hlen dieser Checkbox widersprechen:<br>[matomo_opt_out]\n<p><\/p>\t\t\t\t\t\t\t\t<\/div>\n\t\t\t\t<\/div>\n\t\t\t\t\t<\/div>\n\t\t<\/div>\n\t\t\t\t\t<\/div>\n\t\t<\/section>\n\t\t\t\t<\/div>\n\t\t","protected":false},"excerpt":{"rendered":"<p>Impressum Helene Wiesehoff Schulgasse 29386899 Landsberg am Lech info@wein-sein.de Angaben gem\u00e4\u00df \u00a7 5 TMG Dr. Helene Wiesehoff e.K.Schulgasse86899 Landsberg Vertreten durchHelene Wiesehoff KontaktTelefon: +49 8191 9796225E-Mail: info@wein-sein.de RegistereintragEintragung im Handelsregister AugsburgRegistrierungsnummer 20197 Umsatzsteuer-Identifikationsnummer: DE 329071981 Die Europ\u00e4ische Kommission stellt eine Plattform zur Online-Streitbeilegung (OS) bereit:\u00a0https:\/\/ec.europa.eu\/consumers\/odrUnsere E-Mail-Adresse finden Sie oben im&#8230; <\/p>\n<div class=\"readmore\"><a href=\"https:\/\/wein-sein.de\/?page_id=3\" class=\"btn-link\">Read more<\/a><\/div>\n","protected":false},"author":1,"featured_media":0,"parent":0,"menu_order":4,"comment_status":"closed","ping_status":"closed","template":"","meta":{"_price":"","_stock":"","_tribe_ticket_header":"","_tribe_default_ticket_provider":"Tribe__Tickets__Commerce__PayPal__Main","_tribe_ticket_capacity":"0","_ticket_start_date":"","_ticket_end_date":"","_tribe_ticket_show_description":"","_tribe_ticket_show_not_going":false,"_tribe_ticket_use_global_stock":"","_tribe_ticket_global_stock_level":"","_global_stock_mode":"","_global_stock_cap":"","_tribe_rsvp_for_event":"","_tribe_ticket_going_count":"","_tribe_ticket_not_going_count":"","_tribe_tickets_list":"[]","_tribe_ticket_has_attendee_info_fields":false,"footnotes":"","_tec_slr_enabled":"","_tec_slr_layout":""},"class_list":["post-3","page","type-page","status-publish","hentry"],"acf":[],"ticketed":false,"_links":{"self":[{"href":"https:\/\/wein-sein.de\/index.php?rest_route=\/wp\/v2\/pages\/3","targetHints":{"allow":["GET"]}}],"collection":[{"href":"https:\/\/wein-sein.de\/index.php?rest_route=\/wp\/v2\/pages"}],"about":[{"href":"https:\/\/wein-sein.de\/index.php?rest_route=\/wp\/v2\/types\/page"}],"author":[{"embeddable":true,"href":"https:\/\/wein-sein.de\/index.php?rest_route=\/wp\/v2\/users\/1"}],"replies":[{"embeddable":true,"href":"https:\/\/wein-sein.de\/index.php?rest_route=%2Fwp%2Fv2%2Fcomments&post=3"}],"version-history":[{"count":17,"href":"https:\/\/wein-sein.de\/index.php?rest_route=\/wp\/v2\/pages\/3\/revisions"}],"predecessor-version":[{"id":2745,"href":"https:\/\/wein-sein.de\/index.php?rest_route=\/wp\/v2\/pages\/3\/revisions\/2745"}],"wp:attachment":[{"href":"https:\/\/wein-sein.de\/index.php?rest_route=%2Fwp%2Fv2%2Fmedia&parent=3"}],"curies":[{"name":"wp","href":"https:\/\/api.w.org\/{rel}","templated":true}]}}